{"id":112,"date":"2025-12-02T15:19:49","date_gmt":"2025-12-02T14:19:49","guid":{"rendered":"https:\/\/agims.org.gt\/agims\/?page_id=112"},"modified":"2026-04-16T08:41:05","modified_gmt":"2026-04-16T14:41:05","slug":"mision-vision","status":"publish","type":"page","link":"https:\/\/agims.org.gt\/agims\/mision-vision\/","title":{"rendered":"Misi\u00f3n y visi\u00f3n"},"content":{"rendered":"\n<p class=\"has-text-align-left\"><strong>Misi\u00f3n<\/strong><br>La Asociaci\u00f3n Grupo Integral de Mujeres Sanjuaneras, contribuye a prevenir y erradicar la violencia, la discriminaci\u00f3n y el racismo, trabajando para que las mujeres maya Kaqchikel accedan a la justicia y al ejercicio de sus derechos humanos integrales. Promueve el respeto y la defensa de la madre tierra y del territorio, a trav\u00e9s de la convergencia de los pueblos ind\u00edgenas, y el desarrollo de liderazgos equitativos, que fomenten la igualdad de derechos a una vida digna para todas y todos.<\/p>\n\n\n\n<p class=\"has-text-align-left\"><strong>Visi\u00f3n<br><\/strong>Su visi\u00f3n es ser una asociaci\u00f3n de mujeres ind\u00edgenas reconocida a nivel local, nacional e internacional, como un referente de trabaja por los derechos de las mujeres y del territorio en el municipio de San Juan Sacatep\u00e9quez. Una organizaci\u00f3n con mujeres valientes, empoderadas y solidarias, que, desde su autonom\u00eda y pensamiento cr\u00edtico, promueve la participaci\u00f3n protag\u00f3nica y el surgimiento de liderazgos de las mujeres ind\u00edgenas Kaqchikeles. Una instancia que tiene capacidades desarrolladas y un enfoque de trabajo desde la cosmovisi\u00f3n maya y los derechos espec\u00edficos de las mujeres ind\u00edgenas.<\/p>\n\n\n\n<hr class=\"wp-block-separator has-alpha-channel-opacity\"\/>\n\n\n\n<div class=\"wp-block-file\"><a id=\"wp-block-file--media-db248280-592f-475e-b93e-a7295ff41401\" href=\"https:\/\/agims.org.gt\/agims\/wp-content\/uploads\/2026\/04\/POA-CAIMUS-2024-SAN-JUAN-SACATEPEQUEZ-2024.pdf\">POA CAIMUS 2024 SAN JUAN SAC.<\/a><a href=\"https:\/\/agims.org.gt\/agims\/wp-content\/uploads\/2026\/04\/POA-CAIMUS-2024-SAN-JUAN-SACATEPEQUEZ-2024.pdf\" class=\"wp-block-file__button wp-element-button\" download aria-describedby=\"wp-block-file--media-db248280-592f-475e-b93e-a7295ff41401\">Descarga<\/a><\/div>\n\n\n\n<div class=\"wp-block-buttons has-custom-font-size is-horizontal is-content-justification-center is-layout-flex wp-container-core-buttons-is-layout-b57360ea wp-block-buttons-is-layout-flex\" style=\"border-style:none;border-width:0px;padding-top:0;padding-bottom:0;font-size:17px\">\n<div class=\"wp-block-button is-style-fill\"><a class=\"wp-block-button__link has-accent-background-color has-background wp-element-button\" href=\"\/agims\/quienes-somos\/\" style=\"border-radius:25px;padding-top:var(--wp--preset--spacing--20);padding-bottom:var(--wp--preset--spacing--20)\">Qui\u00e9nes somos<\/a><\/div>\n\n\n\n<div class=\"wp-block-button is-style-fill\"><a class=\"wp-block-button__link has-accent-background-color has-background wp-element-button\" href=\"\/agims\/objetivos-de-agims\" style=\"border-radius:25px;padding-top:var(--wp--preset--spacing--20);padding-bottom:var(--wp--preset--spacing--20)\">Objetivos<\/a><\/div>\n\n\n\n<div class=\"wp-block-button\"><a class=\"wp-block-button__link has-accent-background-color has-background wp-element-button\" href=\"\/agims\/principios-y-valores\/\" style=\"border-radius:25px;padding-top:var(--wp--preset--spacing--20);padding-bottom:var(--wp--preset--spacing--20)\">Principios y valores<\/a><\/div>\n<\/div>\n\n\n\n<div style=\"height:60px\" aria-hidden=\"true\" class=\"wp-block-spacer\"><\/div>\n","protected":false},"excerpt":{"rendered":"<p>Misi\u00f3nLa Asociaci\u00f3n Grupo Integral de Mujeres Sanjuaneras, contribuye a prevenir y erradicar la violencia, la discriminaci\u00f3n y el racismo, trabajando para que las mujeres maya Kaqchikel accedan a la justicia y al ejercicio de sus derechos humanos integrales. Promueve el respeto y la defensa de la madre tierra y del [&hellip;]<\/p>\n","protected":false},"author":1,"featured_media":0,"parent":0,"menu_order":0,"comment_status":"closed","ping_status":"closed","template":"","meta":{"pgc_sgb_lightbox_settings":"","_themeisle_gutenberg_block_has_review":false,"footnotes":""},"class_list":["post-112","page","type-page","status-publish","hentry"],"_links":{"self":[{"href":"https:\/\/agims.org.gt\/agims\/wp-json\/wp\/v2\/pages\/112","targetHints":{"allow":["GET"]}}],"collection":[{"href":"https:\/\/agims.org.gt\/agims\/wp-json\/wp\/v2\/pages"}],"about":[{"href":"https:\/\/agims.org.gt\/agims\/wp-json\/wp\/v2\/types\/page"}],"author":[{"embeddable":true,"href":"https:\/\/agims.org.gt\/agims\/wp-json\/wp\/v2\/users\/1"}],"replies":[{"embeddable":true,"href":"https:\/\/agims.org.gt\/agims\/wp-json\/wp\/v2\/comments?post=112"}],"version-history":[{"count":14,"href":"https:\/\/agims.org.gt\/agims\/wp-json\/wp\/v2\/pages\/112\/revisions"}],"predecessor-version":[{"id":5381,"href":"https:\/\/agims.org.gt\/agims\/wp-json\/wp\/v2\/pages\/112\/revisions\/5381"}],"wp:attachment":[{"href":"https:\/\/agims.org.gt\/agims\/wp-json\/wp\/v2\/media?parent=112"}],"curies":[{"name":"wp","href":"https:\/\/api.w.org\/{rel}","templated":true}]}}