{"id":161,"date":"2025-12-02T16:13:40","date_gmt":"2025-12-02T15:13:40","guid":{"rendered":"https:\/\/agims.org.gt\/agims\/?page_id=161"},"modified":"2025-12-02T17:25:45","modified_gmt":"2025-12-02T23:25:45","slug":"informacion-publica","status":"publish","type":"page","link":"https:\/\/agims.org.gt\/agims\/informacion-publica\/","title":{"rendered":"Informaci\u00f3n p\u00fablica"},"content":{"rendered":"\n<ul class=\"wp-block-list\">\n<li>El Formulario electr\u00f3nico incluye campos obligatorios, as\u00ed como datos opcionales que ser\u00e1n \u00fatiles para fines estad\u00edsticos.<\/li>\n\n\n\n<li>Informaci\u00f3n clara y precia: a efecto de ofrecer un mejor servicio, se recomienda identificar de forma clara y precisa la informaci\u00f3n solicitada, s\u00ed tienes referencia o conocimiento donde se encuentra la informaci\u00f3n requerida, puedes expresarla en tu solicitud.<\/li>\n\n\n\n<li>Datos personales: En materia de datos personales contenidos en los archivos o sistemas de informaci\u00f3n de AGIMS, debe recordarse que s\u00f3lo los titulares de la informaci\u00f3n o sus representantes legales pueden solicitar acceso a los mismos (para entrega, modificaci\u00f3n, correcciones o supresi\u00f3n), previa.<\/li>\n\n\n\n<li>Gratuidad y costos de reproducci\u00f3n: El acceso a la informaci\u00f3n p\u00fablica de AGIMS es gratuito y, solo cuando aplique se cobrar\u00e1n los gastos de reproducci\u00f3n de la informaci\u00f3n solicitada, en los t\u00e9rminos previstos en la ley de acceso a la informaci\u00f3n p\u00fablica.<\/li>\n\n\n\n<li>Plazo para la respuesta: El plazo m\u00e1ximo para emitir la respuesta a las solicitudes de informaci\u00f3n p\u00fablica es de 10 d\u00edas h\u00e1biles, que comienzan a partir del d\u00eda (h\u00e1bil) siguiente de ser admitida, salvo que sea notificada la pr\u00f3rroga, cuando el volumen y extensi\u00f3n de la respuesta lo justifique.<\/li>\n<\/ul>\n\n\n\n<p><\/p>\n\n\n\n<p><strong>Nota:<\/strong> El sistema no tiene restricci\u00f3n de horario de recepci\u00f3n de solicitudes, sin embargo, si la solicitud es ingresada despu\u00e9s de las 17:00 horas o en d\u00edas inh\u00e1biles la fecha de recepci\u00f3n se considerar\u00e1 hasta el d\u00eda h\u00e1bil siguiente.<\/p>\n","protected":false},"excerpt":{"rendered":"<p>Nota: El sistema no tiene restricci\u00f3n de horario de recepci\u00f3n de solicitudes, sin embargo, si la solicitud es ingresada despu\u00e9s de las 17:00 horas o en d\u00edas inh\u00e1biles la fecha de recepci\u00f3n se considerar\u00e1 hasta el d\u00eda h\u00e1bil siguiente.<\/p>\n","protected":false},"author":1,"featured_media":0,"parent":0,"menu_order":0,"comment_status":"closed","ping_status":"closed","template":"page-templates\/template-fullwidth.php","meta":{"pgc_sgb_lightbox_settings":"","_themeisle_gutenberg_block_has_review":false,"footnotes":""},"class_list":["post-161","page","type-page","status-publish","hentry"],"_links":{"self":[{"href":"https:\/\/agims.org.gt\/agims\/wp-json\/wp\/v2\/pages\/161","targetHints":{"allow":["GET"]}}],"collection":[{"href":"https:\/\/agims.org.gt\/agims\/wp-json\/wp\/v2\/pages"}],"about":[{"href":"https:\/\/agims.org.gt\/agims\/wp-json\/wp\/v2\/types\/page"}],"author":[{"embeddable":true,"href":"https:\/\/agims.org.gt\/agims\/wp-json\/wp\/v2\/users\/1"}],"replies":[{"embeddable":true,"href":"https:\/\/agims.org.gt\/agims\/wp-json\/wp\/v2\/comments?post=161"}],"version-history":[{"count":6,"href":"https:\/\/agims.org.gt\/agims\/wp-json\/wp\/v2\/pages\/161\/revisions"}],"predecessor-version":[{"id":4375,"href":"https:\/\/agims.org.gt\/agims\/wp-json\/wp\/v2\/pages\/161\/revisions\/4375"}],"wp:attachment":[{"href":"https:\/\/agims.org.gt\/agims\/wp-json\/wp\/v2\/media?parent=161"}],"curies":[{"name":"wp","href":"https:\/\/api.w.org\/{rel}","templated":true}]}}