{"id":2,"date":"2025-12-02T09:13:13","date_gmt":"2025-12-02T08:13:13","guid":{"rendered":"https:\/\/agims.org.gt\/agims\/?page_id=2"},"modified":"2025-12-04T03:56:03","modified_gmt":"2025-12-04T09:56:03","slug":"quienes-somos","status":"publish","type":"page","link":"https:\/\/agims.org.gt\/agims\/quienes-somos\/","title":{"rendered":"\u00bfQui\u00e9nes somos?"},"content":{"rendered":"\n<p>La Asociaci\u00f3n Grupo Integral de Mujeres Sanjuaneras -AGIMS-, nace a partir de un grupo de mujeres que comienza a reunirse para analizar y actuar sobre la realidad en que viven las mujeres en el municipio de San Juan Sacatep\u00e9quez. Se identificaba que enfrentaban racismo, discriminaci\u00f3n, desigualdades y opresiones, no s\u00f3lo por ser mujeres, sino que adem\u00e1s por ser ind\u00edgenas y pobres.<\/p>\n\n\n\n<hr class=\"wp-block-separator has-alpha-channel-opacity\"\/>\n\n\n\n<div style=\"height:60px\" aria-hidden=\"true\" class=\"wp-block-spacer\"><\/div>\n\n\n\n<div class=\"wp-block-buttons has-custom-font-size is-horizontal is-content-justification-center is-layout-flex wp-container-core-buttons-is-layout-b57360ea wp-block-buttons-is-layout-flex\" style=\"border-style:none;border-width:0px;padding-top:0;padding-bottom:0;font-size:17px\">\n<div class=\"wp-block-button is-style-fill\"><a class=\"wp-block-button__link has-accent-background-color has-background wp-element-button\" href=\"\/agims\/objetivos-de-agims\/\" style=\"border-radius:25px;padding-top:var(--wp--preset--spacing--20);padding-bottom:var(--wp--preset--spacing--20)\">Objetivos<\/a><\/div>\n\n\n\n<div class=\"wp-block-button\"><a class=\"wp-block-button__link has-accent-background-color has-background wp-element-button\" href=\"\/agims\/mision-vision\/\" style=\"border-radius:25px;padding-top:var(--wp--preset--spacing--20);padding-bottom:var(--wp--preset--spacing--20)\">Misi\u00f3n y visi\u00f3n<\/a><\/div>\n\n\n\n<div class=\"wp-block-button\"><a class=\"wp-block-button__link has-accent-background-color has-background wp-element-button\" href=\"\/agims\/principios-y-valores\/\" style=\"border-radius:25px;padding-top:var(--wp--preset--spacing--20);padding-bottom:var(--wp--preset--spacing--20)\">Principios y valores<\/a><\/div>\n<\/div>\n\n\n\n<div style=\"height:60px\" aria-hidden=\"true\" class=\"wp-block-spacer\"><\/div>\n\n\n\n<p><\/p>\n","protected":false},"excerpt":{"rendered":"<p>La Asociaci\u00f3n Grupo Integral de Mujeres Sanjuaneras -AGIMS-, nace a partir de un grupo de mujeres que comienza a reunirse para analizar y actuar sobre la realidad en que viven las mujeres en el municipio de San Juan Sacatep\u00e9quez. Se identificaba que enfrentaban racismo, discriminaci\u00f3n, desigualdades y opresiones, no s\u00f3lo [&hellip;]<\/p>\n","protected":false},"author":1,"featured_media":0,"parent":0,"menu_order":0,"comment_status":"closed","ping_status":"open","template":"","meta":{"pgc_sgb_lightbox_settings":"","_themeisle_gutenberg_block_has_review":false,"footnotes":""},"class_list":["post-2","page","type-page","status-publish","hentry"],"_links":{"self":[{"href":"https:\/\/agims.org.gt\/agims\/wp-json\/wp\/v2\/pages\/2","targetHints":{"allow":["GET"]}}],"collection":[{"href":"https:\/\/agims.org.gt\/agims\/wp-json\/wp\/v2\/pages"}],"about":[{"href":"https:\/\/agims.org.gt\/agims\/wp-json\/wp\/v2\/types\/page"}],"author":[{"embeddable":true,"href":"https:\/\/agims.org.gt\/agims\/wp-json\/wp\/v2\/users\/1"}],"replies":[{"embeddable":true,"href":"https:\/\/agims.org.gt\/agims\/wp-json\/wp\/v2\/comments?post=2"}],"version-history":[{"count":20,"href":"https:\/\/agims.org.gt\/agims\/wp-json\/wp\/v2\/pages\/2\/revisions"}],"predecessor-version":[{"id":4799,"href":"https:\/\/agims.org.gt\/agims\/wp-json\/wp\/v2\/pages\/2\/revisions\/4799"}],"wp:attachment":[{"href":"https:\/\/agims.org.gt\/agims\/wp-json\/wp\/v2\/media?parent=2"}],"curies":[{"name":"wp","href":"https:\/\/api.w.org\/{rel}","templated":true}]}}