{"id":267,"date":"2025-12-02T11:00:48","date_gmt":"2025-12-02T17:00:48","guid":{"rendered":"https:\/\/agims.org.gt\/agims\/?page_id=267"},"modified":"2025-12-04T04:09:13","modified_gmt":"2025-12-04T10:09:13","slug":"estructura-organizativa","status":"publish","type":"page","link":"https:\/\/agims.org.gt\/agims\/estructura-organizativa\/","title":{"rendered":"Estructura organizativa"},"content":{"rendered":"\n<p>1) <strong>Asamblea General:<\/strong> m\u00e1ximo \u00f3rgano de representatividad y toma de grandes decisiones. Integrada por todas las socias de AGIMS. En la actualidad 2 mil socias.<\/p>\n\n\n\n<p><br>2) <strong>Junta Directiva: <\/strong>\u00f3rgano que dirige la organizaci\u00f3n, electo cada 2 a\u00f1os. Con 7 cargos: presidenta, vicepresidenta, Tesorera, secretaria, Vocal 1, Vocal 2 y Vocal 3.<\/p>\n\n\n\n<p><br>3) <strong>Consejo Pol\u00edtico: <\/strong>\u00f3rgano de consejer\u00eda y apoyo a la JD para toma de decisiones. Integrado por 15 mujeres ancianas, j\u00f3venes y adultas.<\/p>\n\n\n\n<p><br>4) <strong>Equipo de trabajo:<\/strong> responsable de llevar adelante los planes y proyectos de AGIMS, y rendir cuentas a JD, Consejo Pol\u00edtico y Asamblea. Integrado por el por personal contratado.<\/p>\n\n\n\n<div style=\"height:62px\" aria-hidden=\"true\" class=\"wp-block-spacer\"><\/div>\n\n\n\n<div class=\"wp-block-buttons has-custom-font-size is-horizontal is-content-justification-center is-layout-flex wp-container-core-buttons-is-layout-b57360ea wp-block-buttons-is-layout-flex\" style=\"border-style:none;border-width:0px;padding-top:0;padding-bottom:0;font-size:17px\">\n<div class=\"wp-block-button is-style-fill\"><a class=\"wp-block-button__link has-accent-background-color has-background wp-element-button\" href=\"\/agims\/quienes-somos\/\" style=\"border-radius:25px;padding-top:var(--wp--preset--spacing--20);padding-bottom:var(--wp--preset--spacing--20)\">Qui\u00e9nes somos<\/a><\/div>\n\n\n\n<div class=\"wp-block-button is-style-fill\"><a class=\"wp-block-button__link has-accent-background-color has-background wp-element-button\" href=\"\/agims\/objetivos-de-agims\" style=\"border-radius:25px;padding-top:var(--wp--preset--spacing--20);padding-bottom:var(--wp--preset--spacing--20)\">Objetivos<\/a><\/div>\n\n\n\n<div class=\"wp-block-button\"><a class=\"wp-block-button__link has-accent-background-color has-background wp-element-button\" href=\"\/agims\/mision-vision\/\" style=\"border-radius:25px;padding-top:var(--wp--preset--spacing--20);padding-bottom:var(--wp--preset--spacing--20)\">Misi\u00f3n y Visi\u00f3n<\/a><\/div>\n\n\n\n<div class=\"wp-block-button\"><a class=\"wp-block-button__link has-accent-background-color has-background wp-element-button\" href=\"\/agims\/principios-y-valores\/\" style=\"border-radius:25px;padding-top:var(--wp--preset--spacing--20);padding-bottom:var(--wp--preset--spacing--20)\">Principios y valores<\/a><\/div>\n<\/div>\n\n\n\n<div style=\"height:134px\" aria-hidden=\"true\" class=\"wp-block-spacer\"><\/div>\n","protected":false},"excerpt":{"rendered":"<p>1) Asamblea General: m\u00e1ximo \u00f3rgano de representatividad y toma de grandes decisiones. Integrada por todas las socias de AGIMS. En la actualidad 2 mil socias. 2) Junta Directiva: \u00f3rgano que dirige la organizaci\u00f3n, electo cada 2 a\u00f1os. Con 7 cargos: presidenta, vicepresidenta, Tesorera, secretaria, Vocal 1, Vocal 2 y Vocal [&hellip;]<\/p>\n","protected":false},"author":1,"featured_media":0,"parent":0,"menu_order":0,"comment_status":"closed","ping_status":"closed","template":"","meta":{"pgc_sgb_lightbox_settings":"","_themeisle_gutenberg_block_has_review":false,"footnotes":""},"class_list":["post-267","page","type-page","status-publish","hentry"],"_links":{"self":[{"href":"https:\/\/agims.org.gt\/agims\/wp-json\/wp\/v2\/pages\/267","targetHints":{"allow":["GET"]}}],"collection":[{"href":"https:\/\/agims.org.gt\/agims\/wp-json\/wp\/v2\/pages"}],"about":[{"href":"https:\/\/agims.org.gt\/agims\/wp-json\/wp\/v2\/types\/page"}],"author":[{"embeddable":true,"href":"https:\/\/agims.org.gt\/agims\/wp-json\/wp\/v2\/users\/1"}],"replies":[{"embeddable":true,"href":"https:\/\/agims.org.gt\/agims\/wp-json\/wp\/v2\/comments?post=267"}],"version-history":[{"count":8,"href":"https:\/\/agims.org.gt\/agims\/wp-json\/wp\/v2\/pages\/267\/revisions"}],"predecessor-version":[{"id":4808,"href":"https:\/\/agims.org.gt\/agims\/wp-json\/wp\/v2\/pages\/267\/revisions\/4808"}],"wp:attachment":[{"href":"https:\/\/agims.org.gt\/agims\/wp-json\/wp\/v2\/media?parent=267"}],"curies":[{"name":"wp","href":"https:\/\/api.w.org\/{rel}","templated":true}]}}