{"id":4866,"date":"2025-12-12T13:20:33","date_gmt":"2025-12-12T19:20:33","guid":{"rendered":"http:\/\/localhost\/ag-ims\/?page_id=4799"},"modified":"2025-12-30T14:22:10","modified_gmt":"2025-12-30T20:22:10","slug":"articulo-14","status":"publish","type":"page","link":"https:\/\/agims.org.gt\/agims\/articulo-14\/","title":{"rendered":"Art\u00edculo 14"},"content":{"rendered":"\n<p>Las organizaciones no gubernamentales, fundaciones, asociaciones y otras entidades de car\u00e1cter privado que administren o ejecuten recursos p\u00fablicos, o que realicen colectas p\u00fablicas, adem\u00e1s de la informaci\u00f3n p\u00fablica de oficio contenida en la presente ley, debe hacer p\u00fablica la siguiente:<\/p>\n\n\n\n<ul class=\"wp-block-list\">\n<li><a href=\"\/quienes-somos\/\" target=\"_blank\" rel=\"noreferrer noopener\"><\/a><a href=\"\/agims\/quienes-somos\/\">Datos generales de la organizaci\u00f3n<\/a><\/li>\n\n\n\n<li><a href=\"https:\/\/agims.org.gt\/agims\/wp-content\/uploads\/2025\/12\/001-Certificacion-Acta-de-Constitucion-AGIMS.pdf\" target=\"_blank\" rel=\"noreferrer noopener\">Acuerdo o resoluci\u00f3n de la autoridad que las autoriza<\/a><\/li>\n\n\n\n<li><a href=\"https:\/\/agims.org.gt\/agims\/estructura-organizativa\/\" data-type=\"page\" data-id=\"267\">Integrantes de la junta directiva<\/a><\/li>\n\n\n\n<li><a href=\"https:\/\/agims.org.gt\/agims\/estatutos\/\" data-type=\"page\" data-id=\"5153\">Estatutos<\/a><\/li>\n\n\n\n<li><a href=\"https:\/\/agims.org.gt\/agims\/objetivos-de-agims\/\" data-type=\"page\" data-id=\"96\">Objetivos<\/a><\/li>\n\n\n\n<li><a href=\"https:\/\/agims.org.gt\/agims\/mision-vision\/\" data-type=\"page\" data-id=\"112\">Misi\u00f3n y visi\u00f3n<\/a><\/li>\n<\/ul>\n\n\n\n<div style=\"height:100px\" aria-hidden=\"true\" class=\"wp-block-spacer\"><\/div>\n\n\n\n<p><\/p>\n","protected":false},"excerpt":{"rendered":"<p>Las organizaciones no gubernamentales, fundaciones, asociaciones y otras entidades de car\u00e1cter privado que administren o ejecuten recursos p\u00fablicos, o que realicen colectas p\u00fablicas, adem\u00e1s de la informaci\u00f3n p\u00fablica de oficio contenida en la presente ley, debe hacer p\u00fablica la siguiente:<\/p>\n","protected":false},"author":1,"featured_media":0,"parent":0,"menu_order":0,"comment_status":"closed","ping_status":"closed","template":"","meta":{"pgc_sgb_lightbox_settings":"","_themeisle_gutenberg_block_has_review":false,"footnotes":"[]"},"class_list":["post-4866","page","type-page","status-publish","hentry"],"_links":{"self":[{"href":"https:\/\/agims.org.gt\/agims\/wp-json\/wp\/v2\/pages\/4866","targetHints":{"allow":["GET"]}}],"collection":[{"href":"https:\/\/agims.org.gt\/agims\/wp-json\/wp\/v2\/pages"}],"about":[{"href":"https:\/\/agims.org.gt\/agims\/wp-json\/wp\/v2\/types\/page"}],"author":[{"embeddable":true,"href":"https:\/\/agims.org.gt\/agims\/wp-json\/wp\/v2\/users\/1"}],"replies":[{"embeddable":true,"href":"https:\/\/agims.org.gt\/agims\/wp-json\/wp\/v2\/comments?post=4866"}],"version-history":[{"count":2,"href":"https:\/\/agims.org.gt\/agims\/wp-json\/wp\/v2\/pages\/4866\/revisions"}],"predecessor-version":[{"id":5210,"href":"https:\/\/agims.org.gt\/agims\/wp-json\/wp\/v2\/pages\/4866\/revisions\/5210"}],"wp:attachment":[{"href":"https:\/\/agims.org.gt\/agims\/wp-json\/wp\/v2\/media?parent=4866"}],"curies":[{"name":"wp","href":"https:\/\/api.w.org\/{rel}","templated":true}]}}