{"id":4868,"date":"2025-12-22T02:59:24","date_gmt":"2025-12-22T08:59:24","guid":{"rendered":"http:\/\/localhost\/ag-ims\/?page_id=4859"},"modified":"2026-01-06T15:31:56","modified_gmt":"2026-01-06T21:31:56","slug":"articulo-10","status":"publish","type":"page","link":"https:\/\/agims.org.gt\/agims\/articulo-10\/","title":{"rendered":"Art\u00edculo 10"},"content":{"rendered":"\n<p>Los Sujetos Obligados deber\u00e1n mantener, actualizada y disponible, en todo momento, de acuerdo con sus funciones y a disposici\u00f3n de cualquier interesado, como m\u00ednimo, la siguiente informaci\u00f3n, que podr\u00e1 ser consultada de manera directa o a trav\u00e9s de los portales electr\u00f3nicos de cada sujeto obligado:<\/p>\n\n\n\n<div style=\"height:26px\" aria-hidden=\"true\" class=\"wp-block-spacer\"><\/div>\n\n\n\n<div class=\"wp-block-columns is-layout-flex wp-container-core-columns-is-layout-28f84493 wp-block-columns-is-layout-flex\" style=\"font-size:17px\">\n<div class=\"wp-block-column is-layout-flow wp-block-column-is-layout-flow\">\n<div class=\"wp-block-group is-nowrap is-layout-flex wp-container-core-group-is-layout-6c531013 wp-block-group-is-layout-flex\">\n<p class=\"has-text-align-left\"><a href=\"\/agims\/estructura-organica-y-funciones\/\">1. Estructura org\u00e1nica y funciones<\/a><\/p>\n<\/div>\n\n\n\n<p class=\"has-text-align-left\"><a href=\"\/agims\/contact\/\">2.&nbsp;Direcci\u00f3n&nbsp;y tel\u00e9fonos<\/a><\/p>\n\n\n\n<p class=\"has-text-align-left\"><a href=\"https:\/\/agims.org.gt\/agims\/directorio-de-empleados\/\" data-type=\"page\" data-id=\"4919\">3. Directorio de empleados<\/a><\/p>\n\n\n\n<p class=\"has-text-align-left\"><a href=\"https:\/\/agims.org.gt\/agims\/numero-y-nombre-de-funcionarios\/\" data-type=\"page\" data-id=\"4912\">4. N\u00famero y nombre de funcionarios<\/a><\/p>\n\n\n\n<p class=\"has-text-align-left\"><a href=\"https:\/\/agims.org.gt\/agims\/mision-vision\/\" data-type=\"page\" data-id=\"112\">5.&nbsp;Misi\u00f3n y objetivos<\/a><\/p>\n\n\n\n<p class=\"has-text-align-left\"><a href=\"\/agims\/manual-de-procedimientos\/\">6. Manual de Procedimientos<\/a><\/p>\n\n\n\n<p class=\"has-text-align-left\"><a href=\"\/agims\/presupuesto\/\">7. Presupuesto<\/a><\/p>\n\n\n\n<p class=\"has-text-align-left\"><a href=\"\/agims\/ejecucion-presupuestaria\/\">8. Ejecuci\u00f3n presupuestaria<\/a><\/p>\n\n\n\n<p class=\"has-text-align-left\"><a href=\"\/agims\/depositos\/\">9. Dep\u00f3sitos<\/a><\/p>\n\n\n\n<p class=\"has-text-align-left\"><a href=\"\/agims\/procesos-de-adquisiciones\/\">10. Procesos de adquisiciones<\/a><\/p>\n<\/div>\n\n\n\n<div class=\"wp-block-column is-layout-flow wp-block-column-is-layout-flow\">\n<p class=\"has-text-align-left\"><a href=\"\/agims\/contrataciones-y-bienes-de-servicios\/\">11. Contrataciones y bienes de servicios<\/a><\/p>\n\n\n\n<p class=\"has-text-align-left\"><a href=\"\/agims\/viajes\/\">12. Viajes<\/a><\/p>\n\n\n\n<p class=\"has-text-align-left\"><a href=\"\/agims\/inventario-muebles-e-inmuebles\/\">13. Inventario muebles e inmuebles<\/a><\/p>\n\n\n\n<p class=\"has-text-align-left\"><a href=\"\/agims\/contratos-de-mantenimiento\/\">14. Contratos de mantenimiento<\/a><\/p>\n\n\n\n<p class=\"has-text-align-left\"><a href=\"\/agims\/programas-de-subsidios\/\">15. Programas de subsidios<\/a><\/p>\n\n\n\n<p class=\"has-text-align-left\"><a href=\"\/agims\/contratos-de-usufructo\/\">16. Contratos de usufructo<\/a><\/p>\n\n\n\n<div class=\"wp-block-group is-nowrap is-layout-flex wp-container-core-group-is-layout-6c531013 wp-block-group-is-layout-flex\">\n<p class=\"has-text-align-left\"><a href=\"\/agims\/empresas-precalificadas\/\">17. Empresas precalificadas<\/a><\/p>\n<\/div>\n\n\n\n<p class=\"has-text-align-left\"><a href=\"https:\/\/agims.org.gt\/agims\/obras-en-ejecucion\/\" data-type=\"page\" data-id=\"5005\">18. Obras en ejecuci\u00f3n<\/a><\/p>\n\n\n\n<p class=\"has-text-align-left\"><a href=\"\/agims\/contratos-de-arrendamiento\/\">19. Contratos de arrendamiento<\/a><\/p>\n\n\n\n<p class=\"has-text-align-left\"><a href=\"\/agims\/contrataciones\/\">20. Contrataciones<\/a><\/p>\n<\/div>\n\n\n\n<div class=\"wp-block-column is-layout-flow wp-block-column-is-layout-flow\">\n<p class=\"has-text-align-left\"><a href=\"\/agims\/fideicomisos\/\">21. Fideicomisos<\/a><\/p>\n\n\n\n<p class=\"has-text-align-left\"><a href=\"\/agims\/compras-directas\/\">22. Compras directas<\/a><\/p>\n\n\n\n<p class=\"has-text-align-left\"><a href=\"\/agims\/informes-de-auditoria\/\">23. Informes de auditor\u00eda<\/a><\/p>\n\n\n\n<p class=\"has-text-align-left\"><a href=\"\/agims\/entidades-internacionales\/\">24. Entidades internacionales<\/a><\/p>\n\n\n\n<p class=\"has-text-align-left\"><a href=\"\/agims\/entidades-no-gubernamentales\/\">25. Entidades no gubernamentales<\/a><\/p>\n\n\n\n<p class=\"has-text-align-left\"><a href=\"\/agims\/informe-anual\/\">26. Informe anual<\/a><\/p>\n\n\n\n<p class=\"has-text-align-left\"><a href=\"\/agims\/el-indice-de-la-informacion\/\">27. El \u00edndice de la informaci\u00f3n<\/a><\/p>\n\n\n\n<p class=\"has-text-align-left\"><a href=\"\/agims\/pertenencia-sociolinguistica\/\">28. Pertenencia sociolingu\u00edstica<\/a><\/p>\n\n\n\n<p class=\"has-text-align-left\"><a href=\"\/agims\/otra-informacion\/\">29. Otra informaci\u00f3n<\/a><\/p>\n\n\n\n<p class=\"has-text-align-left\"><a href=\"https:\/\/agims.org.gt\/agims\/anexos\/\" data-type=\"page\" data-id=\"5114\">30. Anexos<\/a><\/p>\n\n\n\n<p><\/p>\n<\/div>\n<\/div>\n\n\n\n<div style=\"height:140px\" aria-hidden=\"true\" class=\"wp-block-spacer\"><\/div>\n","protected":false},"excerpt":{"rendered":"<p>Los Sujetos Obligados deber\u00e1n mantener, actualizada y disponible, en todo momento, de acuerdo con sus funciones y a disposici\u00f3n de cualquier interesado, como m\u00ednimo, la siguiente informaci\u00f3n, que podr\u00e1 ser consultada de manera directa o a trav\u00e9s de los portales electr\u00f3nicos de cada sujeto obligado: 1. Estructura org\u00e1nica y funciones [&hellip;]<\/p>\n","protected":false},"author":1,"featured_media":0,"parent":0,"menu_order":0,"comment_status":"closed","ping_status":"closed","template":"","meta":{"pgc_sgb_lightbox_settings":"","_themeisle_gutenberg_block_has_review":false,"footnotes":""},"class_list":["post-4868","page","type-page","status-publish","hentry"],"_links":{"self":[{"href":"https:\/\/agims.org.gt\/agims\/wp-json\/wp\/v2\/pages\/4868","targetHints":{"allow":["GET"]}}],"collection":[{"href":"https:\/\/agims.org.gt\/agims\/wp-json\/wp\/v2\/pages"}],"about":[{"href":"https:\/\/agims.org.gt\/agims\/wp-json\/wp\/v2\/types\/page"}],"author":[{"embeddable":true,"href":"https:\/\/agims.org.gt\/agims\/wp-json\/wp\/v2\/users\/1"}],"replies":[{"embeddable":true,"href":"https:\/\/agims.org.gt\/agims\/wp-json\/wp\/v2\/comments?post=4868"}],"version-history":[{"count":5,"href":"https:\/\/agims.org.gt\/agims\/wp-json\/wp\/v2\/pages\/4868\/revisions"}],"predecessor-version":[{"id":5241,"href":"https:\/\/agims.org.gt\/agims\/wp-json\/wp\/v2\/pages\/4868\/revisions\/5241"}],"wp:attachment":[{"href":"https:\/\/agims.org.gt\/agims\/wp-json\/wp\/v2\/media?parent=4868"}],"curies":[{"name":"wp","href":"https:\/\/api.w.org\/{rel}","templated":true}]}}