{"id":4962,"date":"2025-12-22T04:53:03","date_gmt":"2025-12-22T10:53:03","guid":{"rendered":"http:\/\/localhost\/ag-ims\/?page_id=4962"},"modified":"2025-12-22T06:48:13","modified_gmt":"2025-12-22T12:48:13","slug":"procesos-de-adquisiciones","status":"publish","type":"page","link":"https:\/\/agims.org.gt\/agims\/procesos-de-adquisiciones\/","title":{"rendered":"Procesos de adquisiciones"},"content":{"rendered":"\n<p>La informaci\u00f3n relacionada con los procesos de cotizaci\u00f3n y licitaci\u00f3n para la adquisici\u00f3n de bienes que son utilizados para los programas de educaci\u00f3n, salud, seguridad, desarrollo rural y todos aquellos que tienen dentro de sus caracter\u00edsticas la entrega de dichos bienes a beneficiarios directos o indirectos, indicando las cantidades, precios unitarios, los montos, los renglones presupuestarios correspondientes, las caracter\u00edsticas de los proveedores, los detalles de los procesos de adjudicaci\u00f3n y el contenido de los contratos; No aplica. De conforme al art\u00edculo 38 de la Ley de Contrataciones del Estado, la compra o contrataci\u00f3n debe ser entre Q90,000.00 a Q900,000.00<\/p>\n\n\n\n<div style=\"height:100px\" aria-hidden=\"true\" class=\"wp-block-spacer\"><\/div>\n","protected":false},"excerpt":{"rendered":"<p>La informaci\u00f3n relacionada con los procesos de cotizaci\u00f3n y licitaci\u00f3n para la adquisici\u00f3n de bienes que son utilizados para los programas de educaci\u00f3n, salud, seguridad, desarrollo rural y todos aquellos que tienen dentro de sus caracter\u00edsticas la entrega de dichos bienes a beneficiarios directos o indirectos, indicando las cantidades, precios [&hellip;]<\/p>\n","protected":false},"author":1,"featured_media":0,"parent":0,"menu_order":0,"comment_status":"closed","ping_status":"closed","template":"","meta":{"pgc_sgb_lightbox_settings":"","_themeisle_gutenberg_block_has_review":false,"footnotes":""},"class_list":["post-4962","page","type-page","status-publish","hentry"],"_links":{"self":[{"href":"https:\/\/agims.org.gt\/agims\/wp-json\/wp\/v2\/pages\/4962","targetHints":{"allow":["GET"]}}],"collection":[{"href":"https:\/\/agims.org.gt\/agims\/wp-json\/wp\/v2\/pages"}],"about":[{"href":"https:\/\/agims.org.gt\/agims\/wp-json\/wp\/v2\/types\/page"}],"author":[{"embeddable":true,"href":"https:\/\/agims.org.gt\/agims\/wp-json\/wp\/v2\/users\/1"}],"replies":[{"embeddable":true,"href":"https:\/\/agims.org.gt\/agims\/wp-json\/wp\/v2\/comments?post=4962"}],"version-history":[{"count":1,"href":"https:\/\/agims.org.gt\/agims\/wp-json\/wp\/v2\/pages\/4962\/revisions"}],"predecessor-version":[{"id":5092,"href":"https:\/\/agims.org.gt\/agims\/wp-json\/wp\/v2\/pages\/4962\/revisions\/5092"}],"wp:attachment":[{"href":"https:\/\/agims.org.gt\/agims\/wp-json\/wp\/v2\/media?parent=4962"}],"curies":[{"name":"wp","href":"https:\/\/api.w.org\/{rel}","templated":true}]}}