{"id":4981,"date":"2025-12-22T05:04:51","date_gmt":"2025-12-22T11:04:51","guid":{"rendered":"http:\/\/localhost\/ag-ims\/?page_id=4981"},"modified":"2025-12-22T05:04:51","modified_gmt":"2025-12-22T11:04:51","slug":"contratos-de-mantenimiento","status":"publish","type":"page","link":"https:\/\/agims.org.gt\/agims\/contratos-de-mantenimiento\/","title":{"rendered":"Contratos de mantenimiento"},"content":{"rendered":"\n<p>informaci\u00f3n sobre los contratos de mantenimiento de equipo, veh\u00edculos, inmuebles, plantas e instalaciones de todos los sujetos obligados, incluyendo monto y plazo del contrato e informaci\u00f3n del proveedor.<\/p>\n\n\n\n<p><em>Informaci\u00f3n sobre los contratos de mantenimiento de equipo, veh\u00edculos, inmuebles, plantas e instalaciones de todos los sujetos obligados, incluyendo monto y plazo del contrato e informaci\u00f3n del proveedor; relacionada \u00fanicamente a las compras y contrataciones que realicen con dichos fondos.<\/em><\/p>\n\n\n\n<p><em>No celebramos contratos de este tipo<\/em>.<\/p>\n\n\n\n<div style=\"height:100px\" aria-hidden=\"true\" class=\"wp-block-spacer\"><\/div>\n","protected":false},"excerpt":{"rendered":"<p>informaci\u00f3n sobre los contratos de mantenimiento de equipo, veh\u00edculos, inmuebles, plantas e instalaciones de todos los sujetos obligados, incluyendo monto y plazo del contrato e informaci\u00f3n del proveedor. Informaci\u00f3n sobre los contratos de mantenimiento de equipo, veh\u00edculos, inmuebles, plantas e instalaciones de todos los sujetos obligados, incluyendo monto y plazo [&hellip;]<\/p>\n","protected":false},"author":1,"featured_media":0,"parent":0,"menu_order":0,"comment_status":"closed","ping_status":"closed","template":"","meta":{"pgc_sgb_lightbox_settings":"","_themeisle_gutenberg_block_has_review":false,"footnotes":""},"class_list":["post-4981","page","type-page","status-publish","hentry"],"_links":{"self":[{"href":"https:\/\/agims.org.gt\/agims\/wp-json\/wp\/v2\/pages\/4981","targetHints":{"allow":["GET"]}}],"collection":[{"href":"https:\/\/agims.org.gt\/agims\/wp-json\/wp\/v2\/pages"}],"about":[{"href":"https:\/\/agims.org.gt\/agims\/wp-json\/wp\/v2\/types\/page"}],"author":[{"embeddable":true,"href":"https:\/\/agims.org.gt\/agims\/wp-json\/wp\/v2\/users\/1"}],"replies":[{"embeddable":true,"href":"https:\/\/agims.org.gt\/agims\/wp-json\/wp\/v2\/comments?post=4981"}],"version-history":[{"count":0,"href":"https:\/\/agims.org.gt\/agims\/wp-json\/wp\/v2\/pages\/4981\/revisions"}],"wp:attachment":[{"href":"https:\/\/agims.org.gt\/agims\/wp-json\/wp\/v2\/media?parent=4981"}],"curies":[{"name":"wp","href":"https:\/\/api.w.org\/{rel}","templated":true}]}}