{"id":4990,"date":"2025-12-22T05:07:49","date_gmt":"2025-12-22T11:07:49","guid":{"rendered":"http:\/\/localhost\/ag-ims\/?page_id=4990"},"modified":"2025-12-22T05:07:49","modified_gmt":"2025-12-22T11:07:49","slug":"contratos-de-usufructo","status":"publish","type":"page","link":"https:\/\/agims.org.gt\/agims\/contratos-de-usufructo\/","title":{"rendered":"Contratos de usufructo"},"content":{"rendered":"\n<p>La informaci\u00f3n relacionada a los contratos, licencias o concesiones para el usufructo o explotaci\u00f3n de bienes del Estado.<\/p>\n\n\n\n<p><em>La informaci\u00f3n relacionada a los contratos, licencias o concesiones para el usufructo o explotaci\u00f3n de bienes del Estado<\/em><\/p>\n\n\n\n<p><em>No aplica, AGIMS ONG es una asociaci\u00f3n civil no lucrativa.<\/em><\/p>\n\n\n\n<div style=\"height:100px\" aria-hidden=\"true\" class=\"wp-block-spacer\"><\/div>\n","protected":false},"excerpt":{"rendered":"<p>La informaci\u00f3n relacionada a los contratos, licencias o concesiones para el usufructo o explotaci\u00f3n de bienes del Estado. La informaci\u00f3n relacionada a los contratos, licencias o concesiones para el usufructo o explotaci\u00f3n de bienes del Estado No aplica, AGIMS ONG es una asociaci\u00f3n civil no lucrativa.<\/p>\n","protected":false},"author":1,"featured_media":0,"parent":0,"menu_order":0,"comment_status":"closed","ping_status":"closed","template":"","meta":{"pgc_sgb_lightbox_settings":"","_themeisle_gutenberg_block_has_review":false,"footnotes":""},"class_list":["post-4990","page","type-page","status-publish","hentry"],"_links":{"self":[{"href":"https:\/\/agims.org.gt\/agims\/wp-json\/wp\/v2\/pages\/4990","targetHints":{"allow":["GET"]}}],"collection":[{"href":"https:\/\/agims.org.gt\/agims\/wp-json\/wp\/v2\/pages"}],"about":[{"href":"https:\/\/agims.org.gt\/agims\/wp-json\/wp\/v2\/types\/page"}],"author":[{"embeddable":true,"href":"https:\/\/agims.org.gt\/agims\/wp-json\/wp\/v2\/users\/1"}],"replies":[{"embeddable":true,"href":"https:\/\/agims.org.gt\/agims\/wp-json\/wp\/v2\/comments?post=4990"}],"version-history":[{"count":0,"href":"https:\/\/agims.org.gt\/agims\/wp-json\/wp\/v2\/pages\/4990\/revisions"}],"wp:attachment":[{"href":"https:\/\/agims.org.gt\/agims\/wp-json\/wp\/v2\/media?parent=4990"}],"curies":[{"name":"wp","href":"https:\/\/api.w.org\/{rel}","templated":true}]}}