{"id":5005,"date":"2025-12-22T05:13:29","date_gmt":"2025-12-22T11:13:29","guid":{"rendered":"http:\/\/localhost\/ag-ims\/?page_id=5005"},"modified":"2025-12-22T05:13:29","modified_gmt":"2025-12-22T11:13:29","slug":"obras-en-ejecucion","status":"publish","type":"page","link":"https:\/\/agims.org.gt\/agims\/obras-en-ejecucion\/","title":{"rendered":"Obras en ejecuci\u00f3n"},"content":{"rendered":"\n<p>El listado de las obras en ejecuci\u00f3n o ejecutadas total o parcialmente con fondos p\u00fablicos, o con recursos provenientes de pr\u00e9stamos otorgados a cualquiera de las entidades del Estado, indicando la ubicaci\u00f3n exacta, el costo total de la obra, la fuente de financiamiento, el tiempo de ejecuci\u00f3n, beneficiarios, empresa o entidad ejecutora, nombre del funcionario responsable de la obra, contenido y especificaciones del contrato correspondiente;<\/p>\n\n\n\n<p><em>El listado de obras en ejecuci\u00f3n o ejecutadas total o parcial con fondos p\u00fablicos, o con recursos provenientes de pr\u00e9stamos otorgados a cualquiera de las entidades del Estado, indicando la ubicaci\u00f3n exacta, el costo total de la obra, la fuente de financiamiento, el tiempo de ejecuci\u00f3n, beneficiarios, empresas o entidad ejecutora, nombre del funcionario responsable de la obra, contenido y especificaciones del contrato correspondiente.<\/em><\/p>\n\n\n\n<p><em>No aplica, AGIMS ONG es una asociaci\u00f3n civil no lucrativa.<\/em><\/p>\n\n\n\n<div style=\"height:100px\" aria-hidden=\"true\" class=\"wp-block-spacer\"><\/div>\n","protected":false},"excerpt":{"rendered":"<p>El listado de las obras en ejecuci\u00f3n o ejecutadas total o parcialmente con fondos p\u00fablicos, o con recursos provenientes de pr\u00e9stamos otorgados a cualquiera de las entidades del Estado, indicando la ubicaci\u00f3n exacta, el costo total de la obra, la fuente de financiamiento, el tiempo de ejecuci\u00f3n, beneficiarios, empresa o [&hellip;]<\/p>\n","protected":false},"author":1,"featured_media":0,"parent":0,"menu_order":0,"comment_status":"closed","ping_status":"closed","template":"","meta":{"pgc_sgb_lightbox_settings":"","_themeisle_gutenberg_block_has_review":false,"footnotes":""},"class_list":["post-5005","page","type-page","status-publish","hentry"],"_links":{"self":[{"href":"https:\/\/agims.org.gt\/agims\/wp-json\/wp\/v2\/pages\/5005","targetHints":{"allow":["GET"]}}],"collection":[{"href":"https:\/\/agims.org.gt\/agims\/wp-json\/wp\/v2\/pages"}],"about":[{"href":"https:\/\/agims.org.gt\/agims\/wp-json\/wp\/v2\/types\/page"}],"author":[{"embeddable":true,"href":"https:\/\/agims.org.gt\/agims\/wp-json\/wp\/v2\/users\/1"}],"replies":[{"embeddable":true,"href":"https:\/\/agims.org.gt\/agims\/wp-json\/wp\/v2\/comments?post=5005"}],"version-history":[{"count":0,"href":"https:\/\/agims.org.gt\/agims\/wp-json\/wp\/v2\/pages\/5005\/revisions"}],"wp:attachment":[{"href":"https:\/\/agims.org.gt\/agims\/wp-json\/wp\/v2\/media?parent=5005"}],"curies":[{"name":"wp","href":"https:\/\/api.w.org\/{rel}","templated":true}]}}