{"id":5012,"date":"2025-12-22T05:16:49","date_gmt":"2025-12-22T11:16:49","guid":{"rendered":"http:\/\/localhost\/ag-ims\/?page_id=5012"},"modified":"2025-12-22T05:16:49","modified_gmt":"2025-12-22T11:16:49","slug":"contrataciones","status":"publish","type":"page","link":"https:\/\/agims.org.gt\/agims\/contrataciones\/","title":{"rendered":"Contrataciones"},"content":{"rendered":"\n<p>Informaci\u00f3n sobre todas las contrataciones que se realicen a trav\u00e9s de los procesos de cotizaci\u00f3n y licitaci\u00f3n y sus contratos respectivos, identificando el n\u00famero de operaci\u00f3n correspondiente a los sistemas electr\u00f3nicos de registro de contrataciones de bienes o servicios, fecha de adjudicaci\u00f3n, nombre del proveedor, monto adjudicado, plazo del contrato y fecha de aprobaci\u00f3n del contrato respectivo;<\/p>\n\n\n\n<p><em>Informaci\u00f3n sobre todas las contrataciones que se realicen a trav\u00e9s de los procesos de cotizaci\u00f3n y licitaci\u00f3n y sus contratos respectivos, identificando el n\u00famero de operaci\u00f3n correspondiente a los sistemas electr\u00f3nicos de registro de contrataciones de bienes o servicios, fecha de adjudicaci\u00f3n, nombre del proveedor, monto adjudicado, plazo del contrato y fecha de aprobaci\u00f3n del contrato respectivo.<\/em><\/p>\n\n\n\n<p><em>No aplica. De conforme al art\u00edculo 38 de la Ley de Contrataciones del Estado, la compra o contrataci\u00f3n debe ser entre Q90,000.00 a Q900,000.00<\/em><\/p>\n\n\n\n<div style=\"height:100px\" aria-hidden=\"true\" class=\"wp-block-spacer\"><\/div>\n","protected":false},"excerpt":{"rendered":"<p>Informaci\u00f3n sobre todas las contrataciones que se realicen a trav\u00e9s de los procesos de cotizaci\u00f3n y licitaci\u00f3n y sus contratos respectivos, identificando el n\u00famero de operaci\u00f3n correspondiente a los sistemas electr\u00f3nicos de registro de contrataciones de bienes o servicios, fecha de adjudicaci\u00f3n, nombre del proveedor, monto adjudicado, plazo del contrato [&hellip;]<\/p>\n","protected":false},"author":1,"featured_media":0,"parent":0,"menu_order":0,"comment_status":"closed","ping_status":"closed","template":"","meta":{"pgc_sgb_lightbox_settings":"","_themeisle_gutenberg_block_has_review":false,"footnotes":""},"class_list":["post-5012","page","type-page","status-publish","hentry"],"_links":{"self":[{"href":"https:\/\/agims.org.gt\/agims\/wp-json\/wp\/v2\/pages\/5012","targetHints":{"allow":["GET"]}}],"collection":[{"href":"https:\/\/agims.org.gt\/agims\/wp-json\/wp\/v2\/pages"}],"about":[{"href":"https:\/\/agims.org.gt\/agims\/wp-json\/wp\/v2\/types\/page"}],"author":[{"embeddable":true,"href":"https:\/\/agims.org.gt\/agims\/wp-json\/wp\/v2\/users\/1"}],"replies":[{"embeddable":true,"href":"https:\/\/agims.org.gt\/agims\/wp-json\/wp\/v2\/comments?post=5012"}],"version-history":[{"count":0,"href":"https:\/\/agims.org.gt\/agims\/wp-json\/wp\/v2\/pages\/5012\/revisions"}],"wp:attachment":[{"href":"https:\/\/agims.org.gt\/agims\/wp-json\/wp\/v2\/media?parent=5012"}],"curies":[{"name":"wp","href":"https:\/\/api.w.org\/{rel}","templated":true}]}}