{"id":5016,"date":"2025-12-22T05:18:45","date_gmt":"2025-12-22T11:18:45","guid":{"rendered":"http:\/\/localhost\/ag-ims\/?page_id=5016"},"modified":"2025-12-22T05:18:45","modified_gmt":"2025-12-22T11:18:45","slug":"fideicomisos","status":"publish","type":"page","link":"https:\/\/agims.org.gt\/agims\/fideicomisos\/","title":{"rendered":"Fideicomisos"},"content":{"rendered":"\n<p>Destino total del ejercicio de los recursos de los fideicomisos constituidos con fondos p\u00fablicos, incluyendo la informaci\u00f3n relacionada a las cotizaciones o licitaciones realizadas para la ejecuci\u00f3n de dichos recursos y gastos administrativos y operativos del fideicomiso;<\/p>\n\n\n\n<p><em>Destino total del ejercicio de los recursos de los fideicomisos constituidos con fondos p\u00fablicos, incluyendo la informaci\u00f3n relacionada a las cotizaciones o licitaciones realizadas para la ejecuci\u00f3n de dichos recursos y gastos administrativos y operativos de fideicomiso.<\/em><\/p>\n\n\n\n<p><em>No aplica, El destino de los recursos p\u00fablicos asignados a AGIMS ONG, es para la atenci\u00f3n integral de las mujeres sobrevivientes de violencia, sus hijas e hijos, que se presta a trav\u00e9s de los CAIMUS.<\/em><\/p>\n\n\n\n<div style=\"height:100px\" aria-hidden=\"true\" class=\"wp-block-spacer\"><\/div>\n","protected":false},"excerpt":{"rendered":"<p>Destino total del ejercicio de los recursos de los fideicomisos constituidos con fondos p\u00fablicos, incluyendo la informaci\u00f3n relacionada a las cotizaciones o licitaciones realizadas para la ejecuci\u00f3n de dichos recursos y gastos administrativos y operativos del fideicomiso; Destino total del ejercicio de los recursos de los fideicomisos constituidos con fondos [&hellip;]<\/p>\n","protected":false},"author":1,"featured_media":0,"parent":0,"menu_order":0,"comment_status":"closed","ping_status":"closed","template":"","meta":{"pgc_sgb_lightbox_settings":"","_themeisle_gutenberg_block_has_review":false,"footnotes":""},"class_list":["post-5016","page","type-page","status-publish","hentry"],"_links":{"self":[{"href":"https:\/\/agims.org.gt\/agims\/wp-json\/wp\/v2\/pages\/5016","targetHints":{"allow":["GET"]}}],"collection":[{"href":"https:\/\/agims.org.gt\/agims\/wp-json\/wp\/v2\/pages"}],"about":[{"href":"https:\/\/agims.org.gt\/agims\/wp-json\/wp\/v2\/types\/page"}],"author":[{"embeddable":true,"href":"https:\/\/agims.org.gt\/agims\/wp-json\/wp\/v2\/users\/1"}],"replies":[{"embeddable":true,"href":"https:\/\/agims.org.gt\/agims\/wp-json\/wp\/v2\/comments?post=5016"}],"version-history":[{"count":0,"href":"https:\/\/agims.org.gt\/agims\/wp-json\/wp\/v2\/pages\/5016\/revisions"}],"wp:attachment":[{"href":"https:\/\/agims.org.gt\/agims\/wp-json\/wp\/v2\/media?parent=5016"}],"curies":[{"name":"wp","href":"https:\/\/api.w.org\/{rel}","templated":true}]}}