{"id":5023,"date":"2025-12-22T05:28:38","date_gmt":"2025-12-22T11:28:38","guid":{"rendered":"http:\/\/localhost\/ag-ims\/?page_id=5023"},"modified":"2025-12-22T05:28:38","modified_gmt":"2025-12-22T11:28:38","slug":"informes-de-auditoria","status":"publish","type":"page","link":"https:\/\/agims.org.gt\/agims\/informes-de-auditoria\/","title":{"rendered":"Informes de auditor\u00eda"},"content":{"rendered":"\n<p>Los informes finales de las auditorias gubernamentales o privadas practicadas a los sujetos obligados, conforme a los per\u00edodos de revisi\u00f3n correspondientes; (no hay a\u00fan)<\/p>\n\n\n\n<div style=\"height:100px\" aria-hidden=\"true\" class=\"wp-block-spacer\"><\/div>\n","protected":false},"excerpt":{"rendered":"<p>Los informes finales de las auditorias gubernamentales o privadas practicadas a los sujetos obligados, conforme a los per\u00edodos de revisi\u00f3n correspondientes; (no hay a\u00fan)<\/p>\n","protected":false},"author":1,"featured_media":0,"parent":0,"menu_order":0,"comment_status":"closed","ping_status":"closed","template":"","meta":{"pgc_sgb_lightbox_settings":"","_themeisle_gutenberg_block_has_review":false,"footnotes":""},"class_list":["post-5023","page","type-page","status-publish","hentry"],"_links":{"self":[{"href":"https:\/\/agims.org.gt\/agims\/wp-json\/wp\/v2\/pages\/5023","targetHints":{"allow":["GET"]}}],"collection":[{"href":"https:\/\/agims.org.gt\/agims\/wp-json\/wp\/v2\/pages"}],"about":[{"href":"https:\/\/agims.org.gt\/agims\/wp-json\/wp\/v2\/types\/page"}],"author":[{"embeddable":true,"href":"https:\/\/agims.org.gt\/agims\/wp-json\/wp\/v2\/users\/1"}],"replies":[{"embeddable":true,"href":"https:\/\/agims.org.gt\/agims\/wp-json\/wp\/v2\/comments?post=5023"}],"version-history":[{"count":0,"href":"https:\/\/agims.org.gt\/agims\/wp-json\/wp\/v2\/pages\/5023\/revisions"}],"wp:attachment":[{"href":"https:\/\/agims.org.gt\/agims\/wp-json\/wp\/v2\/media?parent=5023"}],"curies":[{"name":"wp","href":"https:\/\/api.w.org\/{rel}","templated":true}]}}