{"id":5029,"date":"2025-12-22T05:31:24","date_gmt":"2025-12-22T11:31:24","guid":{"rendered":"http:\/\/localhost\/ag-ims\/?page_id=5029"},"modified":"2025-12-22T05:31:24","modified_gmt":"2025-12-22T11:31:24","slug":"entidades-internacionales","status":"publish","type":"page","link":"https:\/\/agims.org.gt\/agims\/entidades-internacionales\/","title":{"rendered":"Entidades internacionales"},"content":{"rendered":"\n<p>En caso de las entidades p\u00fablicas o privadas de car\u00e1cter internacional, que manejen o administren fondos p\u00fablicos deber\u00e1n hacer p\u00fablica la informaci\u00f3n obligatoria contenida en los numerales anteriores, relacionada \u00fanicamente a las compras y contrataciones que realicen con dichos fondos;<\/p>\n\n\n\n<p><em>En caso de las entidades p\u00fablicas o privadas de car\u00e1cter internacional, que manejen o administren fondos p\u00fablicos deber\u00e1n hacer p\u00fablica la informaci\u00f3n obligatoria contenida en los numerales anteriores, relacionada \u00fanicamente a las compras y contrataciones que realicen con dichos fondos.<\/em><\/p>\n\n\n\n<p><em>No aplica, AGIMS ONG es una asociaci\u00f3n civil no lucrativa, constituida en Guatemala.<\/em><\/p>\n\n\n\n<div style=\"height:100px\" aria-hidden=\"true\" class=\"wp-block-spacer\"><\/div>\n","protected":false},"excerpt":{"rendered":"<p>En caso de las entidades p\u00fablicas o privadas de car\u00e1cter internacional, que manejen o administren fondos p\u00fablicos deber\u00e1n hacer p\u00fablica la informaci\u00f3n obligatoria contenida en los numerales anteriores, relacionada \u00fanicamente a las compras y contrataciones que realicen con dichos fondos; En caso de las entidades p\u00fablicas o privadas de car\u00e1cter [&hellip;]<\/p>\n","protected":false},"author":1,"featured_media":0,"parent":0,"menu_order":0,"comment_status":"closed","ping_status":"closed","template":"","meta":{"pgc_sgb_lightbox_settings":"","_themeisle_gutenberg_block_has_review":false,"footnotes":""},"class_list":["post-5029","page","type-page","status-publish","hentry"],"_links":{"self":[{"href":"https:\/\/agims.org.gt\/agims\/wp-json\/wp\/v2\/pages\/5029","targetHints":{"allow":["GET"]}}],"collection":[{"href":"https:\/\/agims.org.gt\/agims\/wp-json\/wp\/v2\/pages"}],"about":[{"href":"https:\/\/agims.org.gt\/agims\/wp-json\/wp\/v2\/types\/page"}],"author":[{"embeddable":true,"href":"https:\/\/agims.org.gt\/agims\/wp-json\/wp\/v2\/users\/1"}],"replies":[{"embeddable":true,"href":"https:\/\/agims.org.gt\/agims\/wp-json\/wp\/v2\/comments?post=5029"}],"version-history":[{"count":0,"href":"https:\/\/agims.org.gt\/agims\/wp-json\/wp\/v2\/pages\/5029\/revisions"}],"wp:attachment":[{"href":"https:\/\/agims.org.gt\/agims\/wp-json\/wp\/v2\/media?parent=5029"}],"curies":[{"name":"wp","href":"https:\/\/api.w.org\/{rel}","templated":true}]}}