{"id":5039,"date":"2025-12-22T05:35:19","date_gmt":"2025-12-22T11:35:19","guid":{"rendered":"http:\/\/localhost\/ag-ims\/?page_id=5039"},"modified":"2025-12-22T05:35:19","modified_gmt":"2025-12-22T11:35:19","slug":"el-indice-de-la-informacion","status":"publish","type":"page","link":"https:\/\/agims.org.gt\/agims\/el-indice-de-la-informacion\/","title":{"rendered":"El \u00edndice de la informaci\u00f3n"},"content":{"rendered":"\n<p>El \u00edndice de la informaci\u00f3n debidamente clasificada de acuerdo a esta ley;<\/p>\n\n\n\n<p><em>El \u00edndice de la informaci\u00f3n debidamente clasificada de acuerdo a esta ley, relacionada \u00fanicamente a las compras y contrataciones que realicen con dichos fondos.<\/em><\/p>\n\n\n\n<p><em>Art. 22 Informaci\u00f3n Confidencial, de la Ley de Acceso a la Informaci\u00f3n P\u00fablica 57-2008<\/em><\/p>\n\n\n\n<div style=\"height:100px\" aria-hidden=\"true\" class=\"wp-block-spacer\"><\/div>\n","protected":false},"excerpt":{"rendered":"<p>El \u00edndice de la informaci\u00f3n debidamente clasificada de acuerdo a esta ley; El \u00edndice de la informaci\u00f3n debidamente clasificada de acuerdo a esta ley, relacionada \u00fanicamente a las compras y contrataciones que realicen con dichos fondos. Art. 22 Informaci\u00f3n Confidencial, de la Ley de Acceso a la Informaci\u00f3n P\u00fablica 57-2008<\/p>\n","protected":false},"author":1,"featured_media":0,"parent":0,"menu_order":0,"comment_status":"closed","ping_status":"closed","template":"","meta":{"pgc_sgb_lightbox_settings":"","_themeisle_gutenberg_block_has_review":false,"footnotes":""},"class_list":["post-5039","page","type-page","status-publish","hentry"],"_links":{"self":[{"href":"https:\/\/agims.org.gt\/agims\/wp-json\/wp\/v2\/pages\/5039","targetHints":{"allow":["GET"]}}],"collection":[{"href":"https:\/\/agims.org.gt\/agims\/wp-json\/wp\/v2\/pages"}],"about":[{"href":"https:\/\/agims.org.gt\/agims\/wp-json\/wp\/v2\/types\/page"}],"author":[{"embeddable":true,"href":"https:\/\/agims.org.gt\/agims\/wp-json\/wp\/v2\/users\/1"}],"replies":[{"embeddable":true,"href":"https:\/\/agims.org.gt\/agims\/wp-json\/wp\/v2\/comments?post=5039"}],"version-history":[{"count":0,"href":"https:\/\/agims.org.gt\/agims\/wp-json\/wp\/v2\/pages\/5039\/revisions"}],"wp:attachment":[{"href":"https:\/\/agims.org.gt\/agims\/wp-json\/wp\/v2\/media?parent=5039"}],"curies":[{"name":"wp","href":"https:\/\/api.w.org\/{rel}","templated":true}]}}