{"id":5045,"date":"2025-12-22T05:39:39","date_gmt":"2025-12-22T11:39:39","guid":{"rendered":"http:\/\/localhost\/ag-ims\/?page_id=5045"},"modified":"2026-01-14T10:20:10","modified_gmt":"2026-01-14T16:20:10","slug":"pertenencia-sociolinguistica","status":"publish","type":"page","link":"https:\/\/agims.org.gt\/agims\/pertenencia-sociolinguistica\/","title":{"rendered":"Pertenencia sociolingu\u00edstica"},"content":{"rendered":"\n<p>Las entidades e instituciones del Estado deber\u00e1n mantener informe actualizado sobre los datos relacionados con la pertenencia socioling\u00fc\u00edstica de los usuarios de sus servicios, a efecto de adecuar la prestaci\u00f3n de los mismos;<\/p>\n\n\n\n<div class=\"wp-block-file\"><a id=\"wp-block-file--media-4f7c93e2-3fc6-4763-be49-6788374282d6\" href=\"https:\/\/agims.org.gt\/agims\/wp-content\/uploads\/2025\/12\/Tabla-de-cantidad-de-usuarias-atendidas-en-el-mes-de-Noviembre.pdf\"><strong>Atenci\u00f3n mes de Noviembre-2025<\/strong><\/a><\/div>\n\n\n\n<div class=\"wp-block-file\"><a id=\"wp-block-file--media-5ad39b45-9f3a-4372-8ec4-e40fa072486a\" href=\"https:\/\/agims.org.gt\/agims\/wp-content\/uploads\/2025\/12\/Tabla-de-cantidad-de-usuarias-atendidas-en-el-mes-de-Octubre.pdf\"><strong>Atenciones mes de Octubre 2025<\/strong><\/a><\/div>\n\n\n\n<div class=\"wp-block-file\"><a id=\"wp-block-file--media-2c37f57f-265f-4e14-aa03-c15b3331ad4e\" href=\"https:\/\/agims.org.gt\/agims\/wp-content\/uploads\/2025\/12\/Tabla-de-cantidad-de-usuarias-atendidas-en-el-mes-de-agosto.pdf\"><strong>Atenciones mes de Agosto 2025<\/strong><\/a><\/div>\n\n\n\n<div class=\"wp-block-file\"><a id=\"wp-block-file--media-412f9238-f4e7-47b0-91cd-6d21e7a851dc\" href=\"https:\/\/agims.org.gt\/agims\/wp-content\/uploads\/2025\/12\/Informe-Atenciones-mes-de-Julio-2025.pdf\"><strong>Atenciones mes de Julio 2025<\/strong><\/a><\/div>\n\n\n\n<div class=\"wp-block-file\"><a id=\"wp-block-file--media-7d1d642f-5f92-4cf5-b500-fc4f41ef0706\" href=\"https:\/\/agims.org.gt\/agims\/wp-content\/uploads\/2026\/01\/012-pertenencia-sociolinguistica-diciembre.pdf\"><strong>Atenciones mes de Diciembre 2024<\/strong><\/a><\/div>\n\n\n\n<div class=\"wp-block-file\"><a id=\"wp-block-file--media-8a533ea6-6e97-480d-863d-aaf4d46ec354\" href=\"https:\/\/agims.org.gt\/agims\/wp-content\/uploads\/2026\/01\/011-pertenencia-sociolinguistica-noviembre.pdf\"><strong>Atenciones mes de Noviembre 2024<\/strong><\/a><\/div>\n\n\n\n<div class=\"wp-block-file\"><a id=\"wp-block-file--media-48ec8392-88b5-4a40-803a-584f6e8b5cb9\" href=\"https:\/\/agims.org.gt\/agims\/wp-content\/uploads\/2026\/01\/010-pertenencia-sociolinguistica-octubre.pdf\"><strong>Atenciones mes de Octubre 2024<\/strong><\/a><\/div>\n\n\n\n<p><\/p>\n","protected":false},"excerpt":{"rendered":"<p>Las entidades e instituciones del Estado deber\u00e1n mantener informe actualizado sobre los datos relacionados con la pertenencia socioling\u00fc\u00edstica de los usuarios de sus servicios, a efecto de adecuar la prestaci\u00f3n de los mismos;<\/p>\n","protected":false},"author":1,"featured_media":0,"parent":0,"menu_order":0,"comment_status":"closed","ping_status":"closed","template":"","meta":{"pgc_sgb_lightbox_settings":"","_themeisle_gutenberg_block_has_review":false,"footnotes":""},"class_list":["post-5045","page","type-page","status-publish","hentry"],"_links":{"self":[{"href":"https:\/\/agims.org.gt\/agims\/wp-json\/wp\/v2\/pages\/5045","targetHints":{"allow":["GET"]}}],"collection":[{"href":"https:\/\/agims.org.gt\/agims\/wp-json\/wp\/v2\/pages"}],"about":[{"href":"https:\/\/agims.org.gt\/agims\/wp-json\/wp\/v2\/types\/page"}],"author":[{"embeddable":true,"href":"https:\/\/agims.org.gt\/agims\/wp-json\/wp\/v2\/users\/1"}],"replies":[{"embeddable":true,"href":"https:\/\/agims.org.gt\/agims\/wp-json\/wp\/v2\/comments?post=5045"}],"version-history":[{"count":3,"href":"https:\/\/agims.org.gt\/agims\/wp-json\/wp\/v2\/pages\/5045\/revisions"}],"predecessor-version":[{"id":5285,"href":"https:\/\/agims.org.gt\/agims\/wp-json\/wp\/v2\/pages\/5045\/revisions\/5285"}],"wp:attachment":[{"href":"https:\/\/agims.org.gt\/agims\/wp-json\/wp\/v2\/media?parent=5045"}],"curies":[{"name":"wp","href":"https:\/\/api.w.org\/{rel}","templated":true}]}}