{"id":5054,"date":"2025-12-22T05:43:21","date_gmt":"2025-12-22T11:43:21","guid":{"rendered":"http:\/\/localhost\/ag-ims\/?page_id=5054"},"modified":"2025-12-22T05:43:21","modified_gmt":"2025-12-22T11:43:21","slug":"otra-informacion","status":"publish","type":"page","link":"https:\/\/agims.org.gt\/agims\/otra-informacion\/","title":{"rendered":"Otra informaci\u00f3n"},"content":{"rendered":"\n<p>Cualquier otra informaci\u00f3n que sea de utilidad o relevancia para cumplir con los fines y objetivos de la presente ley.<\/p>\n\n\n\n<p><em>Informaci\u00f3n sobre los contratos de mantenimiento de equipo, veh\u00edculos, inmuebles, plantas e instalaciones de todos los sujetos obligados, incluyendo monto y plazo del contrato e informaci\u00f3n del proveedor; relacionada \u00fanicamente a las compras y contrataciones que realicen con dichos fondos.<\/em><\/p>\n\n\n\n<p><em>Por el momento no se tiene Otra Informaci\u00f3n<\/em>.<\/p>\n\n\n\n<div style=\"height:115px\" aria-hidden=\"true\" class=\"wp-block-spacer\"><\/div>\n","protected":false},"excerpt":{"rendered":"<p>Cualquier otra informaci\u00f3n que sea de utilidad o relevancia para cumplir con los fines y objetivos de la presente ley. Informaci\u00f3n sobre los contratos de mantenimiento de equipo, veh\u00edculos, inmuebles, plantas e instalaciones de todos los sujetos obligados, incluyendo monto y plazo del contrato e informaci\u00f3n del proveedor; relacionada \u00fanicamente [&hellip;]<\/p>\n","protected":false},"author":1,"featured_media":0,"parent":0,"menu_order":0,"comment_status":"closed","ping_status":"closed","template":"","meta":{"pgc_sgb_lightbox_settings":"","_themeisle_gutenberg_block_has_review":false,"footnotes":""},"class_list":["post-5054","page","type-page","status-publish","hentry"],"_links":{"self":[{"href":"https:\/\/agims.org.gt\/agims\/wp-json\/wp\/v2\/pages\/5054","targetHints":{"allow":["GET"]}}],"collection":[{"href":"https:\/\/agims.org.gt\/agims\/wp-json\/wp\/v2\/pages"}],"about":[{"href":"https:\/\/agims.org.gt\/agims\/wp-json\/wp\/v2\/types\/page"}],"author":[{"embeddable":true,"href":"https:\/\/agims.org.gt\/agims\/wp-json\/wp\/v2\/users\/1"}],"replies":[{"embeddable":true,"href":"https:\/\/agims.org.gt\/agims\/wp-json\/wp\/v2\/comments?post=5054"}],"version-history":[{"count":0,"href":"https:\/\/agims.org.gt\/agims\/wp-json\/wp\/v2\/pages\/5054\/revisions"}],"wp:attachment":[{"href":"https:\/\/agims.org.gt\/agims\/wp-json\/wp\/v2\/media?parent=5054"}],"curies":[{"name":"wp","href":"https:\/\/api.w.org\/{rel}","templated":true}]}}