{"id":96,"date":"2025-12-02T15:05:02","date_gmt":"2025-12-02T14:05:02","guid":{"rendered":"https:\/\/agims.org.gt\/agims\/?page_id=96"},"modified":"2025-12-04T04:01:28","modified_gmt":"2025-12-04T10:01:28","slug":"objetivos-de-agims","status":"publish","type":"page","link":"https:\/\/agims.org.gt\/agims\/objetivos-de-agims\/","title":{"rendered":"Objetivos"},"content":{"rendered":"\n<p>Contribuir a la construcci\u00f3n de un pa\u00eds con mayores oportunidades y vida digna para las mujeres, fortaleciendo la organizaci\u00f3n, el liderazgo y la participaci\u00f3n pol\u00edtica de las mujeres Maya Kaqchikel, para que ejerzan sus derechos humanos y tengan una vida libre de violencias.<\/p>\n\n\n\n<p><\/p>\n\n\n\n<p><\/p>\n\n\n\n<p><strong>Objetivos espec\u00edficos:<\/strong><\/p>\n\n\n\n<ul class=\"wp-block-list\">\n<li>Prevenir y atender la violencia contra las mujeres, como uno de los problemas m\u00e1s importantes que afecta su vida y mutila su libertad.<\/li>\n\n\n\n<li>Crear espacios de formaci\u00f3n para las mujeres, para desarrollar su participaci\u00f3n y liderazgo, entendi\u00e9ndolo como clave para lograr su empoderamiento y que puedan ejercer su ciudadan\u00eda.<\/li>\n\n\n\n<li>Dar informaci\u00f3n sobre los derechos sexuales y reproductivos, especialmente de las mujeres j\u00f3venes, para que puedan tomar decisiones sobre su cuerpo y su vida.<\/li>\n\n\n\n<li>Promover que valoren los espacios colectivos de trabajo para el cuidado de la madre tierra.<\/li>\n\n\n\n<li>Profundizar el conocimiento de las mujeres sobre la cosmovisi\u00f3n del pueblo Kaqchikel, como una herramienta para fortalecer su identidad y su autoestima.<\/li>\n<\/ul>\n\n\n\n<p>Tambi\u00e9n desarrollan acciones de coordinaci\u00f3n e incidencia con operadores de justicia y autoridades municipales, y sensibilizan a las autoridades ancestrales de las comunidades, para que se conviertan en actores que promuevan la participaci\u00f3n de las mujeres y cuestionen la violencia que viven.<\/p>\n\n\n\n<hr class=\"wp-block-separator has-alpha-channel-opacity\"\/>\n\n\n\n<div style=\"height:60px\" aria-hidden=\"true\" class=\"wp-block-spacer\"><\/div>\n\n\n\n<div class=\"wp-block-buttons has-custom-font-size is-horizontal is-content-justification-center is-layout-flex wp-container-core-buttons-is-layout-b57360ea wp-block-buttons-is-layout-flex\" style=\"border-style:none;border-width:0px;padding-top:0;padding-bottom:0;font-size:17px\">\n<div class=\"wp-block-button is-style-fill\"><a class=\"wp-block-button__link has-accent-background-color has-background wp-element-button\" href=\"\/agims\/quienes-somos\/\" style=\"border-radius:25px;padding-top:var(--wp--preset--spacing--20);padding-bottom:var(--wp--preset--spacing--20)\">Qui\u00e9nes somos<\/a><\/div>\n\n\n\n<div class=\"wp-block-button\"><a class=\"wp-block-button__link has-accent-background-color has-background wp-element-button\" href=\"\/agims\/mision-vision\/\" style=\"border-radius:25px;padding-top:var(--wp--preset--spacing--20);padding-bottom:var(--wp--preset--spacing--20)\">Misi\u00f3n y visi\u00f3n<\/a><\/div>\n\n\n\n<div class=\"wp-block-button\"><a class=\"wp-block-button__link has-accent-background-color has-background wp-element-button\" href=\"\/agims\/principios-y-valores\/\" style=\"border-radius:25px;padding-top:var(--wp--preset--spacing--20);padding-bottom:var(--wp--preset--spacing--20)\">Principios y valores<\/a><\/div>\n<\/div>\n\n\n\n<div style=\"height:60px\" aria-hidden=\"true\" class=\"wp-block-spacer\"><\/div>\n\n\n\n<p><\/p>\n","protected":false},"excerpt":{"rendered":"<p>Contribuir a la construcci\u00f3n de un pa\u00eds con mayores oportunidades y vida digna para las mujeres, fortaleciendo la organizaci\u00f3n, el liderazgo y la participaci\u00f3n pol\u00edtica de las mujeres Maya Kaqchikel, para que ejerzan sus derechos humanos y tengan una vida libre de violencias. Objetivos espec\u00edficos: Tambi\u00e9n desarrollan acciones de coordinaci\u00f3n [&hellip;]<\/p>\n","protected":false},"author":1,"featured_media":0,"parent":0,"menu_order":0,"comment_status":"closed","ping_status":"closed","template":"","meta":{"pgc_sgb_lightbox_settings":"","_themeisle_gutenberg_block_has_review":false,"footnotes":""},"class_list":["post-96","page","type-page","status-publish","hentry"],"_links":{"self":[{"href":"https:\/\/agims.org.gt\/agims\/wp-json\/wp\/v2\/pages\/96","targetHints":{"allow":["GET"]}}],"collection":[{"href":"https:\/\/agims.org.gt\/agims\/wp-json\/wp\/v2\/pages"}],"about":[{"href":"https:\/\/agims.org.gt\/agims\/wp-json\/wp\/v2\/types\/page"}],"author":[{"embeddable":true,"href":"https:\/\/agims.org.gt\/agims\/wp-json\/wp\/v2\/users\/1"}],"replies":[{"embeddable":true,"href":"https:\/\/agims.org.gt\/agims\/wp-json\/wp\/v2\/comments?post=96"}],"version-history":[{"count":10,"href":"https:\/\/agims.org.gt\/agims\/wp-json\/wp\/v2\/pages\/96\/revisions"}],"predecessor-version":[{"id":4801,"href":"https:\/\/agims.org.gt\/agims\/wp-json\/wp\/v2\/pages\/96\/revisions\/4801"}],"wp:attachment":[{"href":"https:\/\/agims.org.gt\/agims\/wp-json\/wp\/v2\/media?parent=96"}],"curies":[{"name":"wp","href":"https:\/\/api.w.org\/{rel}","templated":true}]}}